{"id":113,"date":"2014-05-01T22:43:30","date_gmt":"2014-05-01T22:43:30","guid":{"rendered":"http:\/\/localhost:8888\/wordpress\/?page_id=113"},"modified":"2015-05-14T12:28:48","modified_gmt":"2015-05-14T12:28:48","slug":"precios","status":"publish","type":"page","link":"https:\/\/macuicultura.webs.upv.es\/?page_id=113","title":{"rendered":"Precios"},"content":{"rendered":"<p>Los m\u00e1sters oficiales, como es este m\u00e1ster interuniversitario en acuicultura, a diferencia de los no oficiales tienen fijado el precio del cr\u00e9dito matriculado<\/p>\n<p>En el caso del M\u00e1sters Oficiales de la UPV el precio del 2013 fue de 46,2 euros por cr\u00e9dito, como consta de 60 cr\u00e9ditos el precio del master oficial interuniversitario en acuicultura es de 2772 euros.<\/p>\n<p>Seg\u00fan precios publicados en el Publicadas en el D.O.C.V. n\u00ba 7077 de 29 de julio de 2013 \u2013 Decreto 107\/2013<\/p>\n<p>Estos precios cambian todos los a\u00f1os. Para m\u00e1s informaci\u00f3n\u00a0<a href=\"http:\/\/www.upv.es\/titulaciones\/MUA\/indexc.html\">http:\/\/www.upv.es\/titulaciones\/MUA\/indexc.html<\/a><\/p>\n","protected":false},"excerpt":{"rendered":"<p>Los m\u00e1sters oficiales, como es este m\u00e1ster interuniversitario en acuicultura, a diferencia de los no oficiales tienen fijado el precio del cr\u00e9dito matriculado En el caso del M\u00e1sters Oficiales de la UPV el precio del 2013 fue de 46,2 euros &hellip;<\/p>\n<p class=\"read-more\"> <a class=\"more-link\" href=\"https:\/\/macuicultura.webs.upv.es\/?page_id=113\"> <span class=\"screen-reader-text\">Precios<\/span> Read More &raquo;<\/a><\/p>\n","protected":false},"author":1,"featured_media":0,"parent":116,"menu_order":0,"comment_status":"closed","ping_status":"closed","template":"full-width-page.php","meta":{"ngg_post_thumbnail":0,"footnotes":""},"class_list":["post-113","page","type-page","status-publish","hentry"],"_links":{"self":[{"href":"https:\/\/macuicultura.webs.upv.es\/index.php?rest_route=\/wp\/v2\/pages\/113","targetHints":{"allow":["GET"]}}],"collection":[{"href":"https:\/\/macuicultura.webs.upv.es\/index.php?rest_route=\/wp\/v2\/pages"}],"about":[{"href":"https:\/\/macuicultura.webs.upv.es\/index.php?rest_route=\/wp\/v2\/types\/page"}],"author":[{"embeddable":true,"href":"https:\/\/macuicultura.webs.upv.es\/index.php?rest_route=\/wp\/v2\/users\/1"}],"replies":[{"embeddable":true,"href":"https:\/\/macuicultura.webs.upv.es\/index.php?rest_route=%2Fwp%2Fv2%2Fcomments&post=113"}],"version-history":[{"count":6,"href":"https:\/\/macuicultura.webs.upv.es\/index.php?rest_route=\/wp\/v2\/pages\/113\/revisions"}],"predecessor-version":[{"id":728,"href":"https:\/\/macuicultura.webs.upv.es\/index.php?rest_route=\/wp\/v2\/pages\/113\/revisions\/728"}],"up":[{"embeddable":true,"href":"https:\/\/macuicultura.webs.upv.es\/index.php?rest_route=\/wp\/v2\/pages\/116"}],"wp:attachment":[{"href":"https:\/\/macuicultura.webs.upv.es\/index.php?rest_route=%2Fwp%2Fv2%2Fmedia&parent=113"}],"curies":[{"name":"wp","href":"https:\/\/api.w.org\/{rel}","templated":true}]}}