{"id":1393,"date":"2016-06-01T12:11:44","date_gmt":"2016-06-01T12:11:44","guid":{"rendered":"http:\/\/macuicultura.webs.upv.es\/?page_id=1393"},"modified":"2016-06-09T09:09:08","modified_gmt":"2016-06-09T09:09:08","slug":"videos","status":"publish","type":"page","link":"https:\/\/macuicultura.webs.upv.es\/?page_id=1393","title":{"rendered":"Videos"},"content":{"rendered":"<p>&nbsp;<\/p>\n<p>Video: <strong>Presentaci\u00f3n del &#8220;M\u00e1ster Universitario en Acuicultura&#8221;<\/strong><\/p>\n<p><iframe loading=\"lazy\" style=\"border: 0px #FFFFFF none;\" src=\"https:\/\/media.upv.es\/player\/embed.html?id=62de6a40-27eb-11e6-aadf-f70ab636f6df\" name=\"Paella Player\" width=\" 620\" height=\"349 \" frameborder=\"0\" marginwidth=\"0px\" marginheight=\"0px\" scrolling=\"no\" allowfullscreen=\"allowfullscreen\"><\/iframe><\/p>\n<p>Video: <strong>Asignatura de &#8220;Dise\u00f1o y Gesti\u00f3n de Granjas Acu\u00edcolas&#8221;<\/strong><br \/>\n<iframe loading=\"lazy\" style=\"border: 0px #FFFFFF none;\" src=\"https:\/\/media.upv.es\/player\/embed.html?id=7832c5d0-27eb-11e6-aadf-f70ab636f6df\" name=\"Paella Player\" width=\" 620\" height=\"349 \" frameborder=\"0\" marginwidth=\"0px\" marginheight=\"0px\" scrolling=\"no\" allowfullscreen=\"allowfullscreen\"><\/iframe><br \/>\nVideo: <strong>Asignatura de &#8220;Ingenier\u00eda de Sistemas Acu\u00edcolas&#8221;<\/strong><br \/>\n<iframe loading=\"lazy\" style=\"border: 0px #FFFFFF none;\" src=\"https:\/\/media.upv.es\/player\/embed.html?id=70304bf0-27eb-11e6-aadf-f70ab636f6df\" name=\"Paella Player\" width=\" 620\" height=\"349 \" frameborder=\"0\" marginwidth=\"0px\" marginheight=\"0px\" scrolling=\"no\" allowfullscreen=\"allowfullscreen\"><\/iframe><\/p>\n<p>Video: <strong>Asignatura de &#8220;Nutrici\u00f3n y Alimentaci\u00f3n&#8221;<\/strong><br \/>\n<iframe loading=\"lazy\" allowfullscreen src=\"https:\/\/media.upv.es\/player\/embed.html?id=5a4d97f0-2e1e-11e6-ac60-79f7b815142e\" style=\"border:0px #FFFFFF none;\" name=\"Paella Player\" scrolling=\"no\" frameborder=\"0\" marginheight=\"0px\" marginwidth=\"0px\" width=\" 620\" height=\"349 \"><\/iframe><\/p>\n<p>&nbsp;<\/p>\n","protected":false},"excerpt":{"rendered":"<p>&nbsp; Video: Presentaci\u00f3n del &#8220;M\u00e1ster Universitario en Acuicultura&#8221; Video: Asignatura de &#8220;Dise\u00f1o y Gesti\u00f3n de Granjas Acu\u00edcolas&#8221; Video: Asignatura de &#8220;Ingenier\u00eda de Sistemas Acu\u00edcolas&#8221; Video: Asignatura de &#8220;Nutrici\u00f3n y Alimentaci\u00f3n&#8221; &nbsp;<\/p>\n","protected":false},"author":1,"featured_media":0,"parent":0,"menu_order":0,"comment_status":"closed","ping_status":"closed","template":"full-width-page.php","meta":{"ngg_post_thumbnail":0,"footnotes":""},"class_list":["post-1393","page","type-page","status-publish","hentry"],"_links":{"self":[{"href":"https:\/\/macuicultura.webs.upv.es\/index.php?rest_route=\/wp\/v2\/pages\/1393","targetHints":{"allow":["GET"]}}],"collection":[{"href":"https:\/\/macuicultura.webs.upv.es\/index.php?rest_route=\/wp\/v2\/pages"}],"about":[{"href":"https:\/\/macuicultura.webs.upv.es\/index.php?rest_route=\/wp\/v2\/types\/page"}],"author":[{"embeddable":true,"href":"https:\/\/macuicultura.webs.upv.es\/index.php?rest_route=\/wp\/v2\/users\/1"}],"replies":[{"embeddable":true,"href":"https:\/\/macuicultura.webs.upv.es\/index.php?rest_route=%2Fwp%2Fv2%2Fcomments&post=1393"}],"version-history":[{"count":6,"href":"https:\/\/macuicultura.webs.upv.es\/index.php?rest_route=\/wp\/v2\/pages\/1393\/revisions"}],"predecessor-version":[{"id":1401,"href":"https:\/\/macuicultura.webs.upv.es\/index.php?rest_route=\/wp\/v2\/pages\/1393\/revisions\/1401"}],"wp:attachment":[{"href":"https:\/\/macuicultura.webs.upv.es\/index.php?rest_route=%2Fwp%2Fv2%2Fmedia&parent=1393"}],"curies":[{"name":"wp","href":"https:\/\/api.w.org\/{rel}","templated":true}]}}