{"id":30,"date":"2014-04-30T09:05:53","date_gmt":"2014-04-30T09:05:53","guid":{"rendered":"http:\/\/localhost:8888\/wordpress\/?page_id=30"},"modified":"2015-05-14T12:14:02","modified_gmt":"2015-05-14T12:14:02","slug":"plan-de-estudios","status":"publish","type":"page","link":"https:\/\/macuicultura.webs.upv.es\/?page_id=30","title":{"rendered":"Plan de estudios del M\u00e1ster en Acuicultura"},"content":{"rendered":"<p>El m\u00e1ster universitario de acuicultura tiene una duraci\u00f3n de 1 a\u00f1o, de octubre a septiembre<\/p>\n<h2>Para obtener la titulaci\u00f3n se necesitan un total de 60 cr\u00e9ditos distribuidos de la siguiente forma<\/h2>\n<ul>\n<li class=\"amarillo\">\n<div>Obligatorios<\/div>\n<\/li>\n<li class=\"amarillo\">\n<div>Optativos<\/div>\n<\/li>\n<li class=\"amarillo\">\n<div>Pr\u00e1ctica externa<\/div>\n<\/li>\n<li class=\"amarillo\">\n<div>T.F.M.<\/div>\n<\/li>\n<li class=\"amarillo\">\n<div>Total<\/div>\n<\/li>\n<\/ul>\n<p>&nbsp;<\/p>\n<ul>\n<li class=\"subamarillo\">\n<div>36<\/div>\n<\/li>\n<li class=\"subamarillo\">\n<div>18<\/div>\n<\/li>\n<li class=\"subamarillo\">\n<div>0<\/div>\n<\/li>\n<li class=\"subamarillo\">\n<div>6<\/div>\n<\/li>\n<li class=\"subamarillo\">\n<div>60<\/div>\n<\/li>\n<\/ul>\n<p>&nbsp;<\/p>\n<p style=\"text-align: justify;\">Existen dos vertientes del M\u00e1ster, la orientaci\u00f3n a empresa y la orientaci\u00f3n investigadora. Para seguir la orientaci\u00f3n a empresa ha de matricularse de la asignatura optativa de &#8220;Pr\u00e1cticas en empresa*&#8221; y para seguir la orientaci\u00f3n investigadora de la optativa de &#8220;Iniciaci\u00f3n a la Investigaci\u00f3n en Acuicultura*&#8221;.<\/p>\n<p>Descargate el plan de estudios completo<\/p>\n<p><a href=\"https:\/\/macuicultura.webs.upv.es\/wp-content\/uploads\/2014\/09\/memoria-3.pdf\">memoria-3<\/a><\/p>\n<h2><span class=\"titcre\">M\u00d3DULO 1:\u00a0\u00a0M\u00f3dulo Obligatorio\u00a0<\/span><span class=\"titcre\">&#8211; \u00b7 &#8211;\u00a0<\/span><span class=\"cremin\">Cr\u00e9ditos M\u00ednimos :\u00a036<\/span><\/h2>\n<ul>\n<li class=\"asignatura\">\n<div>Asignatura:<\/div>\n<\/li>\n<li class=\"tipo\">\n<div>Tipo:<\/div>\n<\/li>\n<li class=\"curso\">\n<div>Sem.<\/div>\n<\/li>\n<li class=\"curso\">\n<div>C.T.<\/div>\n<\/li>\n<li class=\"curso\">\n<div>C.P.<\/div>\n<\/li>\n<li class=\"curso\">\n<div>ECTS<\/div>\n<\/li>\n<\/ul>\n<p>&nbsp;<\/p>\n<ul>\n<li class=\"aasignatura\">Patolog\u00eda e Inmunolog\u00eda<\/li>\n<li class=\"atipo\">Obligatoria<\/li>\n<li class=\"acurso\">A<\/li>\n<li class=\"acurso\">3,68<\/li>\n<li class=\"acurso\">2,32<\/li>\n<li class=\"acurso\">6<\/li>\n<\/ul>\n<p>&nbsp;<\/p>\n<ul>\n<li class=\"aasignatura\">Calidad de Agua<\/li>\n<li class=\"atipo\">Obligatoria<\/li>\n<li class=\"acurso\">A<\/li>\n<li class=\"acurso\">2<\/li>\n<li class=\"acurso\">1<\/li>\n<li class=\"acurso\">3<\/li>\n<\/ul>\n<p>&nbsp;<\/p>\n<ul>\n<li class=\"aasignatura\">Fisiolog\u00eda aplicada<\/li>\n<li class=\"atipo\">Obligatoria<\/li>\n<li class=\"acurso\">A<\/li>\n<li class=\"acurso\">1,9<\/li>\n<li class=\"acurso\">1,1<\/li>\n<li class=\"acurso\">3<\/li>\n<\/ul>\n<p>&nbsp;<\/p>\n<ul>\n<li class=\"aasignatura\">Zoolog\u00eda Aplicada<\/li>\n<li class=\"atipo\">Obligatoria<\/li>\n<li class=\"acurso\">A<\/li>\n<li class=\"acurso\">2<\/li>\n<li class=\"acurso\">1<\/li>\n<li class=\"acurso\">3<\/li>\n<\/ul>\n<p>&nbsp;<\/p>\n<ul>\n<li class=\"aasignatura\">Reproducci\u00f3n<\/li>\n<li class=\"atipo\">Obligatoria<\/li>\n<li class=\"acurso\">A<\/li>\n<li class=\"acurso\">4<\/li>\n<li class=\"acurso\">1<\/li>\n<li class=\"acurso\">5<\/li>\n<\/ul>\n<p>&nbsp;<\/p>\n<ul>\n<li class=\"aasignatura\">Nutrici\u00f3n y alimentaci\u00f3n<\/li>\n<li class=\"atipo\">Obligatoria<\/li>\n<li class=\"acurso\">A<\/li>\n<li class=\"acurso\">3,5<\/li>\n<li class=\"acurso\">1,5<\/li>\n<li class=\"acurso\">5<\/li>\n<\/ul>\n<p>&nbsp;<\/p>\n<p>&nbsp;<\/p>\n<ul>\n<li class=\"aasignatura\">Dise\u00f1o y Gesti\u00f3n de Instalaciones<\/li>\n<li class=\"atipo\">Obligatoria<\/li>\n<li class=\"acurso\">B<\/li>\n<li class=\"acurso\">1,4<\/li>\n<li class=\"acurso\">2,6<\/li>\n<li class=\"acurso\">4<\/li>\n<\/ul>\n<p>&nbsp;<\/p>\n<ul>\n<li class=\"aasignatura\">Ingenieria de Sistemas<\/li>\n<li class=\"atipo\">Obligatoria<\/li>\n<li class=\"acurso\">B<\/li>\n<li class=\"acurso\">3,3<\/li>\n<li class=\"acurso\">0,7<\/li>\n<li class=\"acurso\">4<\/li>\n<\/ul>\n<p>&nbsp;<\/p>\n<ul>\n<li class=\"aasignatura\">Calidad del producto<\/li>\n<li class=\"atipo\">Obligatoria<\/li>\n<li class=\"acurso\">B<\/li>\n<li class=\"acurso\">1,7<\/li>\n<li class=\"acurso\">1,3<\/li>\n<li class=\"acurso\">1<\/li>\n<\/ul>\n<p>&nbsp;<\/p>\n<p>&nbsp;<\/p>\n<h2><span class=\"titcre\">M\u00d3DULO 2:\u00a0\u00a0M\u00f3dulo Optativo &#8211; \u00b7 &#8211;\u00a0<\/span><span class=\"cremin\">Cr\u00e9ditos M\u00ednimos :\u00a018<\/span><\/h2>\n<ul>\n<li class=\"asignatura\">\n<div>Asignatura:<\/div>\n<\/li>\n<li class=\"tipo\">\n<div>Tipo:<\/div>\n<\/li>\n<li class=\"curso\">\n<div>Sem.<\/div>\n<\/li>\n<li class=\"curso\">\n<div>C.T.<\/div>\n<\/li>\n<li class=\"curso\">\n<div>C.P.<\/div>\n<\/li>\n<li class=\"curso\">\n<div>ECTS<\/div>\n<\/li>\n<\/ul>\n<p>&nbsp;<\/p>\n<ul>\n<li class=\"aasignatura\">Introducci\u00f3n a la Acuicultura<\/li>\n<li class=\"atipo\">Optativa<\/li>\n<li class=\"acurso\">A<\/li>\n<li class=\"acurso\">1,5<\/li>\n<li class=\"acurso\">0,5<\/li>\n<li class=\"acurso\">2<\/li>\n<\/ul>\n<p>&nbsp;<\/p>\n<p>&nbsp;<\/p>\n<ul>\n<li class=\"aasignatura\">\u00daltimos Avances en la acuicultura<\/li>\n<li class=\"atipo\">Optativa<\/li>\n<li class=\"acurso\">B<\/li>\n<li class=\"acurso\">2,4<\/li>\n<li class=\"acurso\">0,6<\/li>\n<li class=\"acurso\">3<\/li>\n<\/ul>\n<p>&nbsp;<\/p>\n<ul>\n<li class=\"aasignatura\">Sist. de Producci\u00f3n: Moluscos<\/li>\n<li class=\"atipo\">Optativa<\/li>\n<li class=\"acurso\">B<\/li>\n<li class=\"acurso\">1,2<\/li>\n<li class=\"acurso\">0,8<\/li>\n<li class=\"acurso\">2<\/li>\n<\/ul>\n<p>&nbsp;<\/p>\n<ul>\n<li class=\"aasignatura\">Sist. de Producci\u00f3n: Cultivos auxiliares<\/li>\n<li class=\"atipo\">Optativa<\/li>\n<li class=\"acurso\">B<\/li>\n<li class=\"acurso\">0,66<\/li>\n<li class=\"acurso\">1,34<\/li>\n<li class=\"acurso\">2<\/li>\n<\/ul>\n<p>&nbsp;<\/p>\n<ul>\n<li class=\"aasignatura\">Diagnostico y Control de Enfermedades<\/li>\n<li class=\"atipo\">Optativa<\/li>\n<li class=\"acurso\">B<\/li>\n<li class=\"acurso\">1,4<\/li>\n<li class=\"acurso\">2,6<\/li>\n<li class=\"acurso\">4<\/li>\n<\/ul>\n<p>&nbsp;<\/p>\n<ul>\n<li class=\"aasignatura\">Acuicultura Sostenible<\/li>\n<li class=\"atipo\">Optativa<\/li>\n<li class=\"acurso\">B<\/li>\n<li class=\"acurso\">1,4<\/li>\n<li class=\"acurso\">1,6<\/li>\n<li class=\"acurso\">3<\/li>\n<\/ul>\n<p>&nbsp;<\/p>\n<ul>\n<li class=\"aasignatura\">Sist.\u00a0de Prod.: Peces Continentales y Tropicales<\/li>\n<li class=\"atipo\">Optativa<\/li>\n<li class=\"acurso\">B<\/li>\n<li class=\"acurso\">2<\/li>\n<li class=\"acurso\">1<\/li>\n<li class=\"acurso\">3<\/li>\n<\/ul>\n<p>&nbsp;<\/p>\n<ul>\n<li class=\"aasignatura\">Sist. de Producci\u00f3n: Peces marinos<\/li>\n<li class=\"atipo\">Optativa<\/li>\n<li class=\"acurso\">B<\/li>\n<li class=\"acurso\">2<\/li>\n<li class=\"acurso\">1<\/li>\n<li class=\"acurso\">3<\/li>\n<\/ul>\n<p>&nbsp;<\/p>\n<ul>\n<li class=\"aasignatura\">Iniciaci\u00f3n a la Investigaci\u00f3n en Acuicultura*<\/li>\n<li class=\"atipo\">Optativa<\/li>\n<li class=\"acurso\">B<\/li>\n<li class=\"acurso\">6<\/li>\n<li class=\"acurso\">0<\/li>\n<li class=\"acurso\">6<\/li>\n<\/ul>\n<p>&nbsp;<\/p>\n<ul>\n<li class=\"aasignatura\">Pr\u00e1cticas Externas*<\/li>\n<li class=\"atipo\">Optativa<\/li>\n<li class=\"acurso\">B<\/li>\n<li class=\"acurso\">0<\/li>\n<li class=\"acurso\">6.<\/li>\n<li class=\"acurso\">6<\/li>\n<\/ul>\n<p>&nbsp;<\/p>\n<p>&nbsp;<\/p>\n<h2><span class=\"titcre\">M\u00d3DULO 3: \u00a0Trabajo Fin de M\u00e1ster &#8211; \u00b7 &#8211;\u00a0<\/span><span class=\"cremin\">Cr\u00e9ditos M\u00ednimos :\u00a06<\/span><\/h2>\n<ul>\n<li class=\"asignatura\">Asignatura:<\/li>\n<li class=\"tipo\">Tipo:<\/li>\n<li class=\"curso\">Sem.<\/li>\n<li class=\"curso\">C.T.<\/li>\n<li class=\"curso\">C.P.<\/li>\n<li class=\"curso\">ECTS<\/li>\n<\/ul>\n<p>&nbsp;<\/p>\n<ul>\n<li class=\"aasignatura\">Trabajo fin de m\u00e1ster<\/li>\n<li class=\"atipo\">TF<\/li>\n<li class=\"acurso\">B<\/li>\n<li class=\"acurso\">6<\/li>\n<li class=\"acurso\">0<\/li>\n<li class=\"acurso\">6<\/li>\n<\/ul>\n<p>&nbsp;<\/p>\n","protected":false},"excerpt":{"rendered":"<p>El m\u00e1ster universitario de acuicultura tiene una duraci\u00f3n de 1 a\u00f1o, de octubre a septiembre Para obtener la titulaci\u00f3n se necesitan un total de 60 cr\u00e9ditos distribuidos de la siguiente forma Obligatorios Optativos Pr\u00e1ctica externa T.F.M. Total &nbsp; 36 18 &hellip;<\/p>\n<p class=\"read-more\"> <a class=\"more-link\" href=\"https:\/\/macuicultura.webs.upv.es\/?page_id=30\"> <span class=\"screen-reader-text\">Plan de estudios del M\u00e1ster en Acuicultura<\/span> Read More &raquo;<\/a><\/p>\n","protected":false},"author":1,"featured_media":0,"parent":0,"menu_order":0,"comment_status":"closed","ping_status":"closed","template":"full-width-page.php","meta":{"ngg_post_thumbnail":0,"footnotes":""},"class_list":["post-30","page","type-page","status-publish","hentry"],"_links":{"self":[{"href":"https:\/\/macuicultura.webs.upv.es\/index.php?rest_route=\/wp\/v2\/pages\/30","targetHints":{"allow":["GET"]}}],"collection":[{"href":"https:\/\/macuicultura.webs.upv.es\/index.php?rest_route=\/wp\/v2\/pages"}],"about":[{"href":"https:\/\/macuicultura.webs.upv.es\/index.php?rest_route=\/wp\/v2\/types\/page"}],"author":[{"embeddable":true,"href":"https:\/\/macuicultura.webs.upv.es\/index.php?rest_route=\/wp\/v2\/users\/1"}],"replies":[{"embeddable":true,"href":"https:\/\/macuicultura.webs.upv.es\/index.php?rest_route=%2Fwp%2Fv2%2Fcomments&post=30"}],"version-history":[{"count":110,"href":"https:\/\/macuicultura.webs.upv.es\/index.php?rest_route=\/wp\/v2\/pages\/30\/revisions"}],"predecessor-version":[{"id":1340,"href":"https:\/\/macuicultura.webs.upv.es\/index.php?rest_route=\/wp\/v2\/pages\/30\/revisions\/1340"}],"wp:attachment":[{"href":"https:\/\/macuicultura.webs.upv.es\/index.php?rest_route=%2Fwp%2Fv2%2Fmedia&parent=30"}],"curies":[{"name":"wp","href":"https:\/\/api.w.org\/{rel}","templated":true}]}}