{"id":712,"date":"2014-09-02T11:42:45","date_gmt":"2014-09-02T11:42:45","guid":{"rendered":"http:\/\/localhost:8888\/wordpress\/?page_id=712"},"modified":"2024-04-16T10:39:07","modified_gmt":"2024-04-16T10:39:07","slug":"becas","status":"publish","type":"page","link":"https:\/\/macuicultura.webs.upv.es\/?page_id=712","title":{"rendered":"Becas"},"content":{"rendered":"<p><strong><em>Ayudas para la movilidad de alumnos en masters oficiales<\/em><\/strong><\/p>\n<p>El programa tiene como objeto facilitar la realizaci\u00f3n de estancias de movilidad ERASMUS de los estudiantes matriculados en la Universitat Polit\u00e9cnica de Valencia, para la realizaci\u00f3n de aquellas actividades acad\u00e9micas del m\u00e1ster que se desarrollan en otros de pa\u00edses del Espacio Europeo de Educaci\u00f3n Superior.<br \/>\n<a href=\"http:\/\/www.upv.es\/entidades\/OPII\/infoweb\/pi\/info\/1091566normalc.html\">http:\/\/www.upv.es\/entidades\/OPII\/infoweb\/pi\/info\/1091566normalc.html<\/a><\/p>\n<p><strong><em>Becas y ayudas del Ministerio de Educaci\u00f3n para estudiantes que cursen estudios posobligatorios. <\/em><\/strong><\/p>\n<p>Becas para ense\u00f1anzas universitarias conducentes a t\u00edtulos oficiales de grado y de m\u00e1ster, y otros. Es necesario cumplir con unos niveles de renta y patrimonio familiar. Incluye becas de matr\u00edcula, y becas de cuant\u00eda fija ligadas a la renta del estudiante, a la residencia y a la excelencia acad\u00e9mica. Solicitantes: habr\u00e1n de ser de nacionalidad espa\u00f1ola o de un pa\u00eds miembro de la Uni\u00f3n Europea. Tambi\u00e9n alumnos extracomunitarios que tengan permiso de residencia un periodo anterior a la solicitud de la beca. Solicitudes de marzo a mayo.&nbsp;<br \/>\n<a href=\"https:\/\/www.becaseducacion.gob.es\/becas-y-ayudas\/universidad-grado-master\/como-solicitarla.html\">https:\/\/www.becaseducacion.gob.es\/becas-y-ayudas\/universidad-grado-master\/como-solicitarla.html<\/a><\/p>\n<p><strong><em>Becas MAEC-AECID<\/em><\/strong><\/p>\n<p>Becas de la- Agencia Espa\u00f1ola de Cooperaci\u00f3n Internacional (Ministerio de Asuntos Exteriores y de Cooperaci\u00f3n) para ciudadanos extranjeros y espa\u00f1oles para estudios de postgrado (doctorado, tesis doctoral, estudios postdoctorales, investigaci\u00f3n, maestr\u00eda, especializaci\u00f3n, experto, y otros) en Universidades y centros superiores p\u00fablicos y privados espa\u00f1oles y extranjeros y para estudios europeos, formaci\u00f3n en gesti\u00f3n cultural y patrimonial, especializaci\u00f3n bibliotecaria, ampliaci\u00f3n de estudios art\u00edsticos, investigaci\u00f3n de hispanistas, etc.<br \/>\n<a href=\"https:\/\/www.aecid.es\/becaslectorados\/becas-para-pa\u00edses-socios-de-la-aecid-am\u00e9rica-latina-\u00e1frica-y-asia\">https:\/\/www.aecid.es\/becaslectorados\/becas-para-pa\u00edses-socios-de-la-aecid-am\u00e9rica-latina-\u00e1frica-y-asia<\/a><\/p>\n<p><strong><em>Fundaci\u00f3n Carolina <\/em><\/strong><\/p>\n<p>Las becas de postgrado est\u00e1n dirigidas a la formaci\u00f3n en Espa\u00f1a de licenciados nacionales de un pa\u00eds miembro de la Comunidad Iberoamericana de Naciones, con capacidad acad\u00e9mica o profesional avalada por un curr\u00edculum sobresaliente. El programa ofrece dos modalidades de apoyo: becas y ayudas al estudio, enmarcadas en las doce \u00e1reas de conocimiento en las que la Fundaci\u00f3n desarrolla sus actividades y establecidas en funci\u00f3n de las necesidades formativas de Am\u00e9rica Latina. <a href=\"https:\/\/www.fundacioncarolina.es\/formacion\/postgrado\/\">https:\/\/www.fundacioncarolina.es\/formacion\/postgrado\/<\/a><\/p>\n<p><strong><em>&nbsp;Fundaci\u00f3n Rafael del Pino <\/em><\/strong><\/p>\n<p>Programa de becas de postgrado para titulados superiores espa\u00f1oles, para la ampliaci\u00f3n de estudios en Universidades y Centros de Investigaci\u00f3n espa\u00f1oles y extranjeros. El programa persigue la formaci\u00f3n de futuros dirigentes, priorizando las \u00e1reas de econom\u00eda y empresa, an\u00e1lisis econ\u00f3mico del derecho, regulaci\u00f3n y desregulaci\u00f3n y an\u00e1lisis econ\u00f3mico y jur\u00eddico de la competencia y los mercados.<br \/>\n<a href=\"https:\/\/frdelpino.es\/beca\/convocatoria-becas-de-excelencia-rafael-del-pino\/\">https:\/\/frdelpino.es\/beca\/convocatoria-becas-de-excelencia-rafael-del-pino\/<\/a><\/p>\n<p><strong><em>&nbsp;Fundaci\u00f3n \u201cLa Caixa\u201d <\/em><\/strong><\/p>\n<p>Becas para estudiantes espa\u00f1oles y portugueses que deseen realizar estudios de posgrado en el extranjero. <a href=\"https:\/\/fundacionlacaixa.org\/es\/becas-posgrado-extranjero\">https:\/\/fundacionlacaixa.org\/es\/becas-posgrado-extranjero<\/a><\/p>\n<p><strong><em>&nbsp;Programa Fulbright<\/em><\/strong><\/p>\n<p>Ofrece becas para ciudadanos norteamericanos para realizar estudios de postgrado en Espa\u00f1a y becas para espa\u00f1oles para cursar estudios de posgrado en universidades de Estados Unidos en cualquier disciplina.<\/p>\n<blockquote class=\"wp-embedded-content\" data-secret=\"GbSJg28Opu\"><p><a href=\"https:\/\/fulbright.es\/programas-y-becas\/\">Programas y Becas<\/a><\/p><\/blockquote>\n<p><iframe loading=\"lazy\" class=\"wp-embedded-content\" sandbox=\"allow-scripts\" security=\"restricted\" style=\"position: absolute; clip: rect(1px, 1px, 1px, 1px);\" title=\"\u00abProgramas y Becas\u00bb \u2014 Comisi\u00f3n Fulbright\" src=\"https:\/\/fulbright.es\/programas-y-becas\/embed\/#?secret=o4NMxHtW1C#?secret=GbSJg28Opu\" data-secret=\"GbSJg28Opu\" width=\"600\" height=\"338\" frameborder=\"0\" marginwidth=\"0\" marginheight=\"0\" scrolling=\"no\"><\/iframe><\/p>\n<p style=\"color: #4b4b4b;\">&nbsp;<\/p>\n","protected":false},"excerpt":{"rendered":"<p>Ayudas para la movilidad de alumnos en masters oficiales El programa tiene como objeto facilitar la realizaci\u00f3n de estancias de movilidad ERASMUS de los estudiantes matriculados en la Universitat Polit\u00e9cnica de Valencia, para la realizaci\u00f3n de aquellas actividades acad\u00e9micas del &hellip;<\/p>\n<p class=\"read-more\"> <a class=\"more-link\" href=\"https:\/\/macuicultura.webs.upv.es\/?page_id=712\"> <span class=\"screen-reader-text\">Becas<\/span> Read More &raquo;<\/a><\/p>\n","protected":false},"author":1,"featured_media":0,"parent":116,"menu_order":0,"comment_status":"closed","ping_status":"closed","template":"full-width-page.php","meta":{"ngg_post_thumbnail":0,"footnotes":""},"class_list":["post-712","page","type-page","status-publish","hentry"],"_links":{"self":[{"href":"https:\/\/macuicultura.webs.upv.es\/index.php?rest_route=\/wp\/v2\/pages\/712","targetHints":{"allow":["GET"]}}],"collection":[{"href":"https:\/\/macuicultura.webs.upv.es\/index.php?rest_route=\/wp\/v2\/pages"}],"about":[{"href":"https:\/\/macuicultura.webs.upv.es\/index.php?rest_route=\/wp\/v2\/types\/page"}],"author":[{"embeddable":true,"href":"https:\/\/macuicultura.webs.upv.es\/index.php?rest_route=\/wp\/v2\/users\/1"}],"replies":[{"embeddable":true,"href":"https:\/\/macuicultura.webs.upv.es\/index.php?rest_route=%2Fwp%2Fv2%2Fcomments&post=712"}],"version-history":[{"count":13,"href":"https:\/\/macuicultura.webs.upv.es\/index.php?rest_route=\/wp\/v2\/pages\/712\/revisions"}],"predecessor-version":[{"id":1711,"href":"https:\/\/macuicultura.webs.upv.es\/index.php?rest_route=\/wp\/v2\/pages\/712\/revisions\/1711"}],"up":[{"embeddable":true,"href":"https:\/\/macuicultura.webs.upv.es\/index.php?rest_route=\/wp\/v2\/pages\/116"}],"wp:attachment":[{"href":"https:\/\/macuicultura.webs.upv.es\/index.php?rest_route=%2Fwp%2Fv2%2Fmedia&parent=712"}],"curies":[{"name":"wp","href":"https:\/\/api.w.org\/{rel}","templated":true}]}}