{"id":716,"date":"2014-09-02T11:52:02","date_gmt":"2014-09-02T11:52:02","guid":{"rendered":"http:\/\/localhost:8888\/wordpress\/?page_id=716"},"modified":"2024-05-02T08:45:45","modified_gmt":"2024-05-02T08:45:45","slug":"contacto","status":"publish","type":"page","link":"https:\/\/macuicultura.webs.upv.es\/?page_id=716","title":{"rendered":"Contacto"},"content":{"rendered":"<div class=\"container\" style=\"color: #000000;\">\n<h2>Informaci\u00f3n de contacto<\/h2>\n<p>Coordinaci\u00f3n:<\/p>\n<p>Coordinador &nbsp;UPV : Luz P\u00e9rez Igualada<br \/>\n<a href=\"mailto:mlpereig@dca.upv.es\">mlpereig@dca.upv.es<\/a><\/p>\n<p>Coordinador UV:Paco Montero Royo<br \/>\n<a href=\"mailto:francisco.e.montero@uv.es\">francisco.e.montero@uv.es<\/a><\/p>\n<p>Coordinador CSIC: Inmaculada Var\u00f3 Vaello<br \/>\n<a href=\"mailto:inma@iats.csic.es\">&nbsp;inma@iats.csic.es<\/a><\/p>\n<p>&nbsp;<\/p>\n<p>Universidad Polit\u00e9cnica de Valencia<\/p>\n<div class=\"upv_containerwrap\">\n<div class=\"upv_containercontent\">\n<table id=\"6068699\" class=\"upv_ficha\" cellspacing=\"0\">\n<tbody>\n<tr class=\"upv_fichafila\">\n<th class=\"texto_baseG\" style=\"color: #4b4b4b;\" scope=\"row\"><strong>Direcci\u00f3n electr\u00f3nica<\/strong><\/th>\n<td class=\"texto_baseG\" style=\"color: #4b4b4b;\"><a href=\"mailto:masteracuicultura@posgrado.upv.es\">masteracuicultura@posgrado.upv.es<\/a><\/td>\n<\/tr>\n<tr class=\"upv_fichafila\">\n<th class=\"texto_baseG\" style=\"color: #4b4b4b;\" scope=\"row\"><strong>Direcci\u00f3n postal<\/strong><\/th>\n<td class=\"texto_baseG\" style=\"color: #4b4b4b;\">M\u00e1ster Universitario en Acuicultura<br \/>\nDpto. de Ciencia Animal<br \/>\nUniversitat Polit\u00e8cnica de Val\u00e8ncia<br \/>\nCamino de Vera, s\/n<br \/>\nEdificio 2A<br \/>\n46022 Valencia<\/td>\n<\/tr>\n<tr class=\"upv_fichafila\">\n<th class=\"texto_baseG\" style=\"color: #4b4b4b;\" scope=\"row\"><strong>Tel\u00e9fono<\/strong><\/th>\n<td class=\"texto_baseG\" style=\"color: #4b4b4b;\">+34 963877434<\/td>\n<\/tr>\n<tr class=\"upv_fichafila\">\n<th class=\"texto_baseG\" style=\"color: #4b4b4b;\" scope=\"row\"><strong>Ubicaci\u00f3n<\/strong><\/th>\n<td class=\"texto_baseG\" style=\"color: #4b4b4b;\"><a class=\"upv_enlace\" style=\"color: #4b4b4b;\" href=\"https:\/\/www.upv.es\/plano\/plano-2d-es.html?edificio=2A\" target=\"_new\" rel=\"noopener\">Edificio 2A<\/a><\/td>\n<\/tr>\n<tr class=\"upv_fichafila\">\n<th class=\"texto_baseG\" style=\"color: #4b4b4b;\" scope=\"row\"><strong>C\u00f3mo llegar<\/strong><\/th>\n<td class=\"texto_baseG\" style=\"color: #4b4b4b;\"><a class=\"upv_enlace\" style=\"color: #4b4b4b;\" href=\"http:\/\/www.upv.es\/otros\/como-llegar-upv\/index-es.html\" target=\"_new\" rel=\"noopener\">http:\/\/www.upv.es\/otros\/como-llegar-upv\/index-es.html<\/a><\/td>\n<\/tr>\n<\/tbody>\n<\/table>\n<p>Universidad de Valencia<\/p>\n<\/div>\n<\/div>\n<div class=\"estabilizador\">\n<table id=\"6068699\" class=\"upv_ficha\" cellspacing=\"0\">\n<tbody>\n<tr class=\"upv_fichafila\">\n<th class=\"texto_baseG\" style=\"color: #4b4b4b;\" scope=\"row\"><strong>Direcci\u00f3n electr\u00f3nica<\/strong><\/th>\n<td class=\"texto_baseG\" style=\"color: #4b4b4b;\"><a href=\"mailto:acuicultura@uv.es\">acuicultura@uv.es<\/a><\/td>\n<\/tr>\n<tr class=\"upv_fichafila\">\n<th class=\"texto_baseG\" style=\"color: #4b4b4b;\" scope=\"row\"><strong>Direcci\u00f3n postal<\/strong><\/th>\n<td class=\"texto_baseG\" style=\"color: #4b4b4b;\">Universidad de Valencia<br \/>\nFacultad de Ciencias Biol\u00f3gicas<br \/>\nPrograma de doctorado vinculado con este m\u00e1ster: Recursos marinos<\/td>\n<\/tr>\n<tr class=\"upv_fichafila\">\n<th class=\"texto_baseG\" style=\"color: #4b4b4b;\" scope=\"row\">&nbsp;<\/th>\n<td class=\"texto_baseG\" style=\"color: #4b4b4b;\">&nbsp;<\/td>\n<\/tr>\n<\/tbody>\n<\/table>\n<p class=\"p1\">&nbsp;<\/p>\n<\/div>\n<\/div>\n","protected":false},"excerpt":{"rendered":"<p>Informaci\u00f3n de contacto Coordinaci\u00f3n: Coordinador &nbsp;UPV : Luz P\u00e9rez Igualada mlpereig@dca.upv.es Coordinador UV:Paco Montero Royo francisco.e.montero@uv.es Coordinador CSIC: Inmaculada Var\u00f3 Vaello &nbsp;inma@iats.csic.es &nbsp; Universidad Polit\u00e9cnica de Valencia Direcci\u00f3n electr\u00f3nica masteracuicultura@posgrado.upv.es Direcci\u00f3n postal M\u00e1ster Universitario en Acuicultura Dpto. de Ciencia Animal &hellip;<\/p>\n<p class=\"read-more\"> <a class=\"more-link\" href=\"https:\/\/macuicultura.webs.upv.es\/?page_id=716\"> <span class=\"screen-reader-text\">Contacto<\/span> Read More &raquo;<\/a><\/p>\n","protected":false},"author":1,"featured_media":0,"parent":0,"menu_order":0,"comment_status":"closed","ping_status":"closed","template":"full-width-page.php","meta":{"ngg_post_thumbnail":0,"footnotes":""},"class_list":["post-716","page","type-page","status-publish","hentry"],"_links":{"self":[{"href":"https:\/\/macuicultura.webs.upv.es\/index.php?rest_route=\/wp\/v2\/pages\/716","targetHints":{"allow":["GET"]}}],"collection":[{"href":"https:\/\/macuicultura.webs.upv.es\/index.php?rest_route=\/wp\/v2\/pages"}],"about":[{"href":"https:\/\/macuicultura.webs.upv.es\/index.php?rest_route=\/wp\/v2\/types\/page"}],"author":[{"embeddable":true,"href":"https:\/\/macuicultura.webs.upv.es\/index.php?rest_route=\/wp\/v2\/users\/1"}],"replies":[{"embeddable":true,"href":"https:\/\/macuicultura.webs.upv.es\/index.php?rest_route=%2Fwp%2Fv2%2Fcomments&post=716"}],"version-history":[{"count":15,"href":"https:\/\/macuicultura.webs.upv.es\/index.php?rest_route=\/wp\/v2\/pages\/716\/revisions"}],"predecessor-version":[{"id":1719,"href":"https:\/\/macuicultura.webs.upv.es\/index.php?rest_route=\/wp\/v2\/pages\/716\/revisions\/1719"}],"wp:attachment":[{"href":"https:\/\/macuicultura.webs.upv.es\/index.php?rest_route=%2Fwp%2Fv2%2Fmedia&parent=716"}],"curies":[{"name":"wp","href":"https:\/\/api.w.org\/{rel}","templated":true}]}}