{"id":96,"date":"2014-04-30T22:45:25","date_gmt":"2014-04-30T22:45:25","guid":{"rendered":"http:\/\/localhost:8888\/wordpress\/?page_id=96"},"modified":"2026-02-13T10:20:13","modified_gmt":"2026-02-13T10:20:13","slug":"profesorado","status":"publish","type":"page","link":"https:\/\/macuicultura.webs.upv.es\/?page_id=96","title":{"rendered":"Profesorado"},"content":{"rendered":"<ul>\n<li class=\"blue\"><img loading=\"lazy\" decoding=\"async\" class=\"alignnone size-full wp-image-1222\" src=\"https:\/\/macuicultura.webs.upv.es\/wp-content\/uploads\/2014\/04\/logo-uv-fondoazul.gif\" alt=\"logo-uv-fondoazul\" width=\"200\" height=\"71\"><br \/>\nBel\u00e9n Fouz Rodr\u00edguez<br \/>\nFrancisco Esteban Montero Royo<br \/>\nAna P\u00e9rez del Olmo<br \/>\nDavid P\u00e9rez Guaita<br \/>\nJos\u00e9 del Ramo Romero<br \/>\nAig\u00fces Repull\u00e9s Albelda<br \/>\nJuan Soria Garc\u00eda<br \/>\nAmparo Torreblanca Tamarit<br \/>\nJose Vicente Torr\u00e9s P\u00e9rez&nbsp;<\/li>\n<li class=\"blue\"><img loading=\"lazy\" decoding=\"async\" class=\"alignnone size-full wp-image-1223\" src=\"https:\/\/macuicultura.webs.upv.es\/wp-content\/uploads\/2014\/04\/marca_UPV200px_fondoazul.gif\" alt=\"marca_UPV200px_fondoazul\" width=\"200\" height=\"71\"><br \/>\nJuan F. Asturiano Nemesio<br \/>\nSilvia Falc\u00f3 Giaccaglia<br \/>\nIsabel Fern\u00e1ndez Segovia<br \/>\nRaul Grau Mel\u00f3<br \/>\nMiguel Jover Cerd\u00e1<br \/>\nSilvia Mart\u00ednez Llorens<br \/>\nLuz M. P\u00e9rez Igualada<br \/>\nMiguel Rodilla Alama<\/li>\n<li class=\"blue\"><img loading=\"lazy\" decoding=\"async\" class=\"alignnone size-full wp-image-1224\" src=\"https:\/\/macuicultura.webs.upv.es\/wp-content\/uploads\/2014\/04\/csic_logo_fondoazul.gif\" alt=\"csic_logo_fondoazul\" width=\"50\" height=\"71\"><br \/>\nM\u00aa Victoria Alvarado Fern\u00e1<br \/>\nMercedes Bl\u00e1zquez Peinado<br \/>\n\u00c1lvaro Belenguer Ferrando<br \/>\nJosep A. Calduch Giner<br \/>\nFelipe Espigares Puer<br \/>\nAlicia Felip Edo<br \/>\nAna G\u00f3mez Peris<br \/>\nEsther Leal Cebri\u00e1n<br \/>\nEvaristo Ma\u00f1an\u00f3s S\u00e1nchez<br \/>\nOscar Monroig Marz\u00e1<br \/>\nFederico Moroni<br \/>\nJuan Carlos Navarro T\u00e1rrega<br \/>\nFernando Naya Catal\u00e1<br \/>\nOswaldo Palenzuela Ruiz<br \/>\nJaume P\u00e9rez S\u00e1nchez<br \/>\nCarla Piazzon de Haro<br \/>\nCarlos Saavedra Carballido<br \/>\nAriadna Sitj\u00e1 Bobadilla<br \/>\nInmaculada Var\u00f3 Vaello<br \/>\nCinta Zapater Cardona<\/li>\n<li class=\"blue\"><img loading=\"lazy\" decoding=\"async\" class=\"alignnone size-full wp-image-1224\" src=\"https:\/\/macuicultura.webs.upv.es\/wp-content\/uploads\/2015\/05\/prof_ext_fondoazul.gif\" alt=\"csic_logo_fondoazul\" width=\"150\" height=\"71\"><br \/>\nJosep Cerd\u00e1 (Carpeix Pollen\u00e7a SAT, Mallorca)<br \/>\nJordi Comas (Morenot Aquaculture, Puerto de Sagunto)<br \/>\nAntonio de Hoces Grau (Bersolaz, Culmarex, Puerto de Sagunto)<br \/>\nJose Vicente de Jes\u00fas Mori\u00f1igo (Bersolaz, Culmarex, Puerto de Sagunto)<br \/>\nFern\u00e1ndo de la G\u00e1ndara (IEO Murcia)<br \/>\nJose Mart\u00ed (Avramar ,Burriana)<br \/>\nFernando P\u00e9rez (Valenciana de Acuicultura SL)<br \/>\nMario Roche (L\u2019Oceanografic, Valencia)<br \/>\nCurro Villareal (Naturix)<\/li>\n<\/ul>\n","protected":false},"excerpt":{"rendered":"<p>Bel\u00e9n Fouz Rodr\u00edguez Francisco Esteban Montero Royo Ana P\u00e9rez del Olmo David P\u00e9rez Guaita Jos\u00e9 del Ramo Romero Aig\u00fces Repull\u00e9s Albelda Juan Soria Garc\u00eda Amparo Torreblanca Tamarit Jose Vicente Torr\u00e9s P\u00e9rez&nbsp; Juan F. Asturiano Nemesio Silvia Falc\u00f3 Giaccaglia Isabel Fern\u00e1ndez &hellip;<\/p>\n<p class=\"read-more\"> <a class=\"more-link\" href=\"https:\/\/macuicultura.webs.upv.es\/?page_id=96\"> <span class=\"screen-reader-text\">Profesorado<\/span> Read More &raquo;<\/a><\/p>\n","protected":false},"author":1,"featured_media":0,"parent":0,"menu_order":0,"comment_status":"closed","ping_status":"closed","template":"full-width-page.php","meta":{"ngg_post_thumbnail":0,"footnotes":""},"class_list":["post-96","page","type-page","status-publish","hentry"],"_links":{"self":[{"href":"https:\/\/macuicultura.webs.upv.es\/index.php?rest_route=\/wp\/v2\/pages\/96","targetHints":{"allow":["GET"]}}],"collection":[{"href":"https:\/\/macuicultura.webs.upv.es\/index.php?rest_route=\/wp\/v2\/pages"}],"about":[{"href":"https:\/\/macuicultura.webs.upv.es\/index.php?rest_route=\/wp\/v2\/types\/page"}],"author":[{"embeddable":true,"href":"https:\/\/macuicultura.webs.upv.es\/index.php?rest_route=\/wp\/v2\/users\/1"}],"replies":[{"embeddable":true,"href":"https:\/\/macuicultura.webs.upv.es\/index.php?rest_route=%2Fwp%2Fv2%2Fcomments&post=96"}],"version-history":[{"count":33,"href":"https:\/\/macuicultura.webs.upv.es\/index.php?rest_route=\/wp\/v2\/pages\/96\/revisions"}],"predecessor-version":[{"id":1737,"href":"https:\/\/macuicultura.webs.upv.es\/index.php?rest_route=\/wp\/v2\/pages\/96\/revisions\/1737"}],"wp:attachment":[{"href":"https:\/\/macuicultura.webs.upv.es\/index.php?rest_route=%2Fwp%2Fv2%2Fmedia&parent=96"}],"curies":[{"name":"wp","href":"https:\/\/api.w.org\/{rel}","templated":true}]}}